{"id":2035,"date":"2022-03-19T13:29:04","date_gmt":"2022-03-19T20:29:04","guid":{"rendered":"https:\/\/staging-lifttorise.kinsta.cloud\/careers\/"},"modified":"2023-01-26T13:51:30","modified_gmt":"2023-01-26T21:51:30","slug":"careers","status":"publish","type":"page","link":"https:\/\/lifttorise.org\/es\/careers\/","title":{"rendered":"Empleo"},"content":{"rendered":"<h1 id=\"tw-target-text\" class=\"tw-data-text tw-text-large tw-ta\" dir=\"ltr\" data-placeholder=\"Translation\"><strong><span class=\"Y2IQFc\" lang=\"es\">\u00a1\u00danase a nuestro equipo!<\/span><\/strong><\/h1>\n<p>Lift to Rise est\u00e1 compuesto por l\u00edderes comunitarios que aportan una amplia variedad de experiencias personales y profesionales en apoyo de nuestra visi\u00f3n de que todas las familias del Valle de Coachella est\u00e9n sanas, estables y prosperando. Nuestro equipo comprende las necesidades \u00fanicas del Valle de Coachella y las personas que lo llaman hogar. Estamos comprometidos a trabajar juntos hacia nuestro objetivo com\u00fan de asequibilidad para todos. Conoce nuestro equipo actual <a href=\"https:\/\/lifttorise.org\/wp\/es\/somos-lift-to-rise\/#3\">aqu\u00ed.<\/a> Y echa un vistazo a nuestras vacantes actuales a continuaci\u00f3n.<\/p>\n","protected":false},"excerpt":{"rendered":"<p>Para comunicarse con el personal de Lift to Rise por asuntos no relacionados con el alquiler y la asistencia de servicios p\u00fablicos, llame al (760) 636-0420 o env\u00ede un correo electr\u00f3nico a contact@lifttorise.org. Direcci\u00f3n de la oficina: 73-710 Fred Waring Dr., Suite 100, Palm Desert, CA 92260. Para obtener informaci\u00f3n sobre el Programa de asistencia de alquiler y servicios p\u00fablicos de United Lift, visite www.unitedlift.org. <\/p>\n<p>\u00a1Gracias por levantar con nosotros!<\/p>\n","protected":false},"author":9,"featured_media":0,"parent":0,"menu_order":0,"comment_status":"closed","ping_status":"closed","template":"template-careers.blade.php","meta":{"_acf_changed":false,"inline_featured_image":false,"footnotes":""},"class_list":["post-2035","page","type-page","status-publish","hentry"],"acf":[],"_links":{"self":[{"href":"https:\/\/lifttorise.org\/es\/wp-json\/wp\/v2\/pages\/2035","targetHints":{"allow":["GET"]}}],"collection":[{"href":"https:\/\/lifttorise.org\/es\/wp-json\/wp\/v2\/pages"}],"about":[{"href":"https:\/\/lifttorise.org\/es\/wp-json\/wp\/v2\/types\/page"}],"author":[{"embeddable":true,"href":"https:\/\/lifttorise.org\/es\/wp-json\/wp\/v2\/users\/9"}],"replies":[{"embeddable":true,"href":"https:\/\/lifttorise.org\/es\/wp-json\/wp\/v2\/comments?post=2035"}],"version-history":[{"count":4,"href":"https:\/\/lifttorise.org\/es\/wp-json\/wp\/v2\/pages\/2035\/revisions"}],"predecessor-version":[{"id":2308,"href":"https:\/\/lifttorise.org\/es\/wp-json\/wp\/v2\/pages\/2035\/revisions\/2308"}],"wp:attachment":[{"href":"https:\/\/lifttorise.org\/es\/wp-json\/wp\/v2\/media?parent=2035"}],"curies":[{"name":"wp","href":"https:\/\/api.w.org\/{rel}","templated":true}]}}